{"id":20204,"date":"2024-10-24T15:29:23","date_gmt":"2024-10-24T15:29:23","guid":{"rendered":"https:\/\/modernoart.it\/?post_type=product&#038;p=20204"},"modified":"2025-11-11T00:23:31","modified_gmt":"2025-11-11T00:23:31","slug":"tavolini-da-caffe-ancona","status":"publish","type":"product","link":"https:\/\/modernoart.it\/it\/shop\/tavolini-da-caffe-ancona\/","title":{"rendered":"Tavolino da caff\u00e8 ANCONA"},"content":{"rendered":"<div data-elementor-type=\"wp-post\" data-elementor-id=\"20204\" class=\"elementor elementor-20204\">\n\t\t\t\t<div class=\"wd-negative-gap elementor-element elementor-element-1777c67 e-flex e-con-boxed e-con e-parent\" data-id=\"1777c67\" data-element_type=\"container\">\n\t\t\t\t\t<div class=\"e-con-inner\">\n\t\t<div class=\"elementor-element elementor-element-0dd87f2 e-con-full e-flex e-con e-child\" data-id=\"0dd87f2\" data-element_type=\"container\">\n\t\t\t\t<div class=\"elementor-element elementor-element-1a0fc00 elementor-widget elementor-widget-wd_text_block\" data-id=\"1a0fc00\" data-element_type=\"widget\" data-widget_type=\"wd_text_block.default\">\n\t\t\t\t<div class=\"elementor-widget-container\">\n\t\t\t\t\t\t\t<div class=\"wd-text-block reset-last-child text-left\">\n\t\t\t\n\t\t\t<h4>Elegante e minimalista, il tavolino da caff\u00e8 Ancona porta un fascino senza tempo in ogni spazio abitativo.<\/h4><p>Dotato di un piano in MDF bianco lucido, emana raffinatezza moderna, mentre le gambe in legno massello offrono calore e stabilit\u00e0. Progettato per adattarsi a una variet\u00e0 di interni, questo tavolino \u00e8 sia elegante che funzionale.<\/p>\n\t\t\t\t\t<\/div>\n\t\t\t\t\t\t<\/div>\n\t\t\t\t<\/div>\n\t\t\t\t<div class=\"elementor-element elementor-element-fcf093d elementor-widget elementor-widget-wd_image_or_svg\" data-id=\"fcf093d\" data-element_type=\"widget\" data-widget_type=\"wd_image_or_svg.default\">\n\t\t\t\t<div class=\"elementor-widget-container\">\n\t\t\t\t\t\n\t\t<div class=\"wd-image text-left\">\n\t\t\t\t\t\t\t\t<img fetchpriority=\"high\" decoding=\"async\" width=\"1200\" height=\"327\" src=\"https:\/\/modernoart.it\/wp-content\/uploads\/2025\/04\/sizes-ancona.png\" class=\"attachment-full size-full\" alt=\"\" srcset=\"https:\/\/modernoart.it\/wp-content\/uploads\/2025\/04\/sizes-ancona.png 1200w, https:\/\/modernoart.it\/wp-content\/uploads\/2025\/04\/sizes-ancona-400x109.png 400w, https:\/\/modernoart.it\/wp-content\/uploads\/2025\/04\/sizes-ancona-768x209.png 768w, https:\/\/modernoart.it\/wp-content\/uploads\/2025\/04\/sizes-ancona-18x5.png 18w, https:\/\/modernoart.it\/wp-content\/uploads\/2025\/04\/sizes-ancona-430x117.png 430w, https:\/\/modernoart.it\/wp-content\/uploads\/2025\/04\/sizes-ancona-700x191.png 700w, https:\/\/modernoart.it\/wp-content\/uploads\/2025\/04\/sizes-ancona-150x41.png 150w\" sizes=\"(max-width: 1200px) 100vw, 1200px\" \/>\t\t\t\t\t<\/div>\n\n\t\t\t\t\t\t<\/div>\n\t\t\t\t<\/div>\n\t\t\t\t<\/div>\n\t\t<div class=\"elementor-element elementor-element-efd8841 e-con-full e-flex e-con e-child\" data-id=\"efd8841\" data-element_type=\"container\">\n\t\t\t\t<div class=\"elementor-element elementor-element-7f899e1 elementor-widget elementor-widget-wd_text_block\" data-id=\"7f899e1\" data-element_type=\"widget\" data-widget_type=\"wd_text_block.default\">\n\t\t\t\t<div class=\"elementor-widget-container\">\n\t\t\t\t\t\t\t<div class=\"wd-text-block reset-last-child text-left\">\n\t\t\t\n\t\t\t<h3>Colori disponibili:<\/h3><h4>Gambe e corpo:<\/h4>\n\t\t\t\t\t<\/div>\n\t\t\t\t\t\t<\/div>\n\t\t\t\t<\/div>\n\t\t\t\t<div class=\"elementor-element elementor-element-d6cd978 wd-width-100 elementor-widget elementor-widget-wd_images_gallery\" data-id=\"d6cd978\" data-element_type=\"widget\" data-widget_type=\"wd_images_gallery.default\">\n\t\t\t\t<div class=\"elementor-widget-container\">\n\t\t\t\t\t\t\t<div class=\"wd-images-gallery photoswipe-images\" style=\"--wd-align-items:center; --wd-justify-content:center;\">\n\t\t\t\t\t\t<div class=\"wd-grid-g\" style=\"--wd-col-lg:1;--wd-col-md:1;--wd-col-sm:1;--wd-gap-lg:10px;\" >\n\t\t\t\t\t\t\t\t\t\t\t\t\t\t\t\t\t\t<div class=\"wd-gallery-item wd-col\">\n\t\t\t\t\t\t\t\t\t\t\t\t\t<a  href=\"https:\/\/modernoart.it\/wp-content\/uploads\/2024\/10\/gloss-pallette.png\" data-width=\"800\" data-height=\"575\" data-index=\"1\" data-elementor-open-lightbox=\"no\">\n\t\t\t\t\t\t\n\t\t\t\t\t\t<img decoding=\"async\" width=\"800\" height=\"575\" src=\"https:\/\/modernoart.it\/wp-content\/uploads\/2024\/10\/gloss-pallette.png\" class=\"attachment-full size-full\" alt=\"gloss-pallette\" srcset=\"https:\/\/modernoart.it\/wp-content\/uploads\/2024\/10\/gloss-pallette.png 800w, https:\/\/modernoart.it\/wp-content\/uploads\/2024\/10\/gloss-pallette-400x288.png 400w, https:\/\/modernoart.it\/wp-content\/uploads\/2024\/10\/gloss-pallette-768x552.png 768w, https:\/\/modernoart.it\/wp-content\/uploads\/2024\/10\/gloss-pallette-18x12.png 18w, https:\/\/modernoart.it\/wp-content\/uploads\/2024\/10\/gloss-pallette-430x309.png 430w, https:\/\/modernoart.it\/wp-content\/uploads\/2024\/10\/gloss-pallette-700x503.png 700w, https:\/\/modernoart.it\/wp-content\/uploads\/2024\/10\/gloss-pallette-150x108.png 150w\" sizes=\"(max-width: 800px) 100vw, 800px\" \/>\n\t\t\t\t\t\t\t\t\t\t\t\t\t<\/a>\n\t\t\t\t\t\t\t\t\t\t\t<\/div>\n\t\t\t\t\t\t\t\t\t\t\t\t\t\t\t<div class=\"wd-gallery-item wd-col\">\n\t\t\t\t\t\t\t\t\t\t\t\t\t<a  href=\"https:\/\/modernoart.it\/wp-content\/uploads\/2024\/10\/wood-pallette.png\" data-width=\"799\" data-height=\"582\" data-index=\"2\" data-elementor-open-lightbox=\"no\">\n\t\t\t\t\t\t\n\t\t\t\t\t\t<img decoding=\"async\" width=\"799\" height=\"582\" src=\"https:\/\/modernoart.it\/wp-content\/uploads\/2024\/10\/wood-pallette.png\" class=\"attachment-full size-full\" alt=\"wood-pallette\" srcset=\"https:\/\/modernoart.it\/wp-content\/uploads\/2024\/10\/wood-pallette.png 799w, https:\/\/modernoart.it\/wp-content\/uploads\/2024\/10\/wood-pallette-400x291.png 400w, https:\/\/modernoart.it\/wp-content\/uploads\/2024\/10\/wood-pallette-768x559.png 768w, https:\/\/modernoart.it\/wp-content\/uploads\/2024\/10\/wood-pallette-16x12.png 16w, https:\/\/modernoart.it\/wp-content\/uploads\/2024\/10\/wood-pallette-430x313.png 430w, https:\/\/modernoart.it\/wp-content\/uploads\/2024\/10\/wood-pallette-700x510.png 700w, https:\/\/modernoart.it\/wp-content\/uploads\/2024\/10\/wood-pallette-150x109.png 150w\" sizes=\"(max-width: 799px) 100vw, 799px\" \/>\n\t\t\t\t\t\t\t\t\t\t\t\t\t<\/a>\n\t\t\t\t\t\t\t\t\t\t\t<\/div>\n\t\t\t\t\t\t\t\t\t\t\t\t\t<\/div>\n\t\t\t\t\t<\/div>\n\t\t\t\t\t\t<\/div>\n\t\t\t\t<\/div>\n\t\t\t\t<\/div>\n\t\t\t\t\t<\/div>\n\t\t\t\t<\/div>\n\t\t\t\t<\/div>","protected":false},"excerpt":{"rendered":"<ul>\n<li>Superficie liscia e riflettente per un aspetto raffinato.<\/li>\n<li>Calde, robuste e dalla forma elegante.<\/li>\n<\/ul>","protected":false},"featured_media":22786,"template":"","meta":[],"product_brand":[],"product_cat":[246,152],"product_tag":[],"class_list":{"0":"post-20204","1":"product","2":"type-product","3":"status-publish","4":"has-post-thumbnail","6":"product_cat-shop","7":"product_cat-tavolini-da-caffe","9":"first","10":"onbackorder","11":"shipping-taxable","12":"purchasable","13":"product-type-variable"},"yoast_head":"<!-- This site is optimized with the Yoast SEO plugin v25.3.1 - https:\/\/yoast.com\/wordpress\/plugins\/seo\/ -->\n<title>Tavolino da caff\u00e8 ANCONA - MODERNO<\/title>\n<meta name=\"robots\" content=\"index, follow, max-snippet:-1, max-image-preview:large, max-video-preview:-1\" \/>\n<link rel=\"canonical\" href=\"https:\/\/modernoart.it\/it\/shop\/tavolini-da-caffe-ancona\/\" \/>\n<meta property=\"og:locale\" content=\"it_IT\" \/>\n<meta property=\"og:type\" content=\"article\" \/>\n<meta property=\"og:title\" content=\"Tavolino da caff\u00e8 ANCONA - MODERNO\" \/>\n<meta property=\"og:description\" content=\"Superficie liscia e riflettente per un aspetto raffinato.  Calde, robuste e dalla forma elegante.\" \/>\n<meta property=\"og:url\" content=\"https:\/\/modernoart.it\/it\/shop\/tavolini-da-caffe-ancona\/\" \/>\n<meta property=\"og:site_name\" content=\"MODERNO\" \/>\n<meta property=\"article:publisher\" content=\"https:\/\/www.facebook.com\/modernoartit\" \/>\n<meta property=\"article:modified_time\" content=\"2025-11-11T00:23:31+00:00\" \/>\n<meta property=\"og:image\" content=\"https:\/\/modernoart.it\/wp-content\/uploads\/2024\/10\/ancona-1.jpg\" \/>\n\t<meta property=\"og:image:width\" content=\"1000\" \/>\n\t<meta property=\"og:image:height\" content=\"1000\" \/>\n\t<meta property=\"og:image:type\" content=\"image\/jpeg\" \/>\n<meta name=\"twitter:card\" content=\"summary_large_image\" \/>\n<meta name=\"twitter:label1\" content=\"Tempo di lettura stimato\" \/>\n\t<meta name=\"twitter:data1\" content=\"2 minuti\" \/>\n<script type=\"application\/ld+json\" class=\"yoast-schema-graph\">{\"@context\":\"https:\/\/schema.org\",\"@graph\":[{\"@type\":\"WebPage\",\"@id\":\"https:\/\/modernoart.it\/it\/shop\/tavolini-da-caffe-ancona\/\",\"url\":\"https:\/\/modernoart.it\/it\/shop\/tavolini-da-caffe-ancona\/\",\"name\":\"Tavolino da caff\u00e8 ANCONA - MODERNO\",\"isPartOf\":{\"@id\":\"https:\/\/modernoart.it\/it\/#website\"},\"primaryImageOfPage\":{\"@id\":\"https:\/\/modernoart.it\/it\/shop\/tavolini-da-caffe-ancona\/#primaryimage\"},\"image\":{\"@id\":\"https:\/\/modernoart.it\/it\/shop\/tavolini-da-caffe-ancona\/#primaryimage\"},\"thumbnailUrl\":\"https:\/\/modernoart.it\/wp-content\/uploads\/2024\/10\/ancona-1.jpg\",\"datePublished\":\"2024-10-24T15:29:23+00:00\",\"dateModified\":\"2025-11-11T00:23:31+00:00\",\"breadcrumb\":{\"@id\":\"https:\/\/modernoart.it\/it\/shop\/tavolini-da-caffe-ancona\/#breadcrumb\"},\"inLanguage\":\"it-IT\",\"potentialAction\":[{\"@type\":\"ReadAction\",\"target\":[\"https:\/\/modernoart.it\/it\/shop\/tavolini-da-caffe-ancona\/\"]}]},{\"@type\":\"ImageObject\",\"inLanguage\":\"it-IT\",\"@id\":\"https:\/\/modernoart.it\/it\/shop\/tavolini-da-caffe-ancona\/#primaryimage\",\"url\":\"https:\/\/modernoart.it\/wp-content\/uploads\/2024\/10\/ancona-1.jpg\",\"contentUrl\":\"https:\/\/modernoart.it\/wp-content\/uploads\/2024\/10\/ancona-1.jpg\",\"width\":1000,\"height\":1000},{\"@type\":\"BreadcrumbList\",\"@id\":\"https:\/\/modernoart.it\/it\/shop\/tavolini-da-caffe-ancona\/#breadcrumb\",\"itemListElement\":[{\"@type\":\"ListItem\",\"position\":1,\"name\":\"Home\",\"item\":\"https:\/\/modernoart.it\/\"},{\"@type\":\"ListItem\",\"position\":2,\"name\":\"Shop\",\"item\":\"https:\/\/modernoart.it\/it\/shop\/\"},{\"@type\":\"ListItem\",\"position\":3,\"name\":\"Tavolino da caff\u00e8 ANCONA\"}]},{\"@type\":\"WebSite\",\"@id\":\"https:\/\/modernoart.it\/it\/#website\",\"url\":\"https:\/\/modernoart.it\/it\/\",\"name\":\"https:\/\/modernoart.it\",\"description\":\"MODERNO ARREDAMENTI\",\"publisher\":{\"@id\":\"https:\/\/modernoart.it\/it\/#organization\"},\"alternateName\":\"MODERNOART.IT\",\"potentialAction\":[{\"@type\":\"SearchAction\",\"target\":{\"@type\":\"EntryPoint\",\"urlTemplate\":\"https:\/\/modernoart.it\/it\/?s={search_term_string}\"},\"query-input\":{\"@type\":\"PropertyValueSpecification\",\"valueRequired\":true,\"valueName\":\"search_term_string\"}}],\"inLanguage\":\"it-IT\"},{\"@type\":\"Organization\",\"@id\":\"https:\/\/modernoart.it\/it\/#organization\",\"name\":\"MODERNO ARREDAMENTI\",\"url\":\"https:\/\/modernoart.it\/it\/\",\"logo\":{\"@type\":\"ImageObject\",\"inLanguage\":\"it-IT\",\"@id\":\"https:\/\/modernoart.it\/it\/#\/schema\/logo\/image\/\",\"url\":\"https:\/\/modernoart.it\/wp-content\/uploads\/2024\/06\/modernologo.png\",\"contentUrl\":\"https:\/\/modernoart.it\/wp-content\/uploads\/2024\/06\/modernologo.png\",\"width\":1297,\"height\":369,\"caption\":\"MODERNO ARREDAMENTI\"},\"image\":{\"@id\":\"https:\/\/modernoart.it\/it\/#\/schema\/logo\/image\/\"},\"sameAs\":[\"https:\/\/www.facebook.com\/modernoartit\",\"https:\/\/www.instagram.com\/modernoartit\/\"]}]}<\/script>\n<!-- \/ Yoast SEO plugin. -->","yoast_head_json":{"title":"Tavolino da caff\u00e8 ANCONA - MODERNO","robots":{"index":"index","follow":"follow","max-snippet":"max-snippet:-1","max-image-preview":"max-image-preview:large","max-video-preview":"max-video-preview:-1"},"canonical":"https:\/\/modernoart.it\/it\/shop\/tavolini-da-caffe-ancona\/","og_locale":"it_IT","og_type":"article","og_title":"Tavolino da caff\u00e8 ANCONA - MODERNO","og_description":"Superficie liscia e riflettente per un aspetto raffinato.  Calde, robuste e dalla forma elegante.","og_url":"https:\/\/modernoart.it\/it\/shop\/tavolini-da-caffe-ancona\/","og_site_name":"MODERNO","article_publisher":"https:\/\/www.facebook.com\/modernoartit","article_modified_time":"2025-11-11T00:23:31+00:00","og_image":[{"width":1000,"height":1000,"url":"https:\/\/modernoart.it\/wp-content\/uploads\/2024\/10\/ancona-1.jpg","type":"image\/jpeg"}],"twitter_card":"summary_large_image","twitter_misc":{"Tempo di lettura stimato":"2 minuti"},"schema":{"@context":"https:\/\/schema.org","@graph":[{"@type":"WebPage","@id":"https:\/\/modernoart.it\/it\/shop\/tavolini-da-caffe-ancona\/","url":"https:\/\/modernoart.it\/it\/shop\/tavolini-da-caffe-ancona\/","name":"Tavolino da caff\u00e8 ANCONA - MODERNO","isPartOf":{"@id":"https:\/\/modernoart.it\/it\/#website"},"primaryImageOfPage":{"@id":"https:\/\/modernoart.it\/it\/shop\/tavolini-da-caffe-ancona\/#primaryimage"},"image":{"@id":"https:\/\/modernoart.it\/it\/shop\/tavolini-da-caffe-ancona\/#primaryimage"},"thumbnailUrl":"https:\/\/modernoart.it\/wp-content\/uploads\/2024\/10\/ancona-1.jpg","datePublished":"2024-10-24T15:29:23+00:00","dateModified":"2025-11-11T00:23:31+00:00","breadcrumb":{"@id":"https:\/\/modernoart.it\/it\/shop\/tavolini-da-caffe-ancona\/#breadcrumb"},"inLanguage":"it-IT","potentialAction":[{"@type":"ReadAction","target":["https:\/\/modernoart.it\/it\/shop\/tavolini-da-caffe-ancona\/"]}]},{"@type":"ImageObject","inLanguage":"it-IT","@id":"https:\/\/modernoart.it\/it\/shop\/tavolini-da-caffe-ancona\/#primaryimage","url":"https:\/\/modernoart.it\/wp-content\/uploads\/2024\/10\/ancona-1.jpg","contentUrl":"https:\/\/modernoart.it\/wp-content\/uploads\/2024\/10\/ancona-1.jpg","width":1000,"height":1000},{"@type":"BreadcrumbList","@id":"https:\/\/modernoart.it\/it\/shop\/tavolini-da-caffe-ancona\/#breadcrumb","itemListElement":[{"@type":"ListItem","position":1,"name":"Home","item":"https:\/\/modernoart.it\/"},{"@type":"ListItem","position":2,"name":"Shop","item":"https:\/\/modernoart.it\/it\/shop\/"},{"@type":"ListItem","position":3,"name":"Tavolino da caff\u00e8 ANCONA"}]},{"@type":"WebSite","@id":"https:\/\/modernoart.it\/it\/#website","url":"https:\/\/modernoart.it\/it\/","name":"https:\/\/modernoart.it","description":"MODERNO ARREDAMENTI","publisher":{"@id":"https:\/\/modernoart.it\/it\/#organization"},"alternateName":"MODERNOART.IT","potentialAction":[{"@type":"SearchAction","target":{"@type":"EntryPoint","urlTemplate":"https:\/\/modernoart.it\/it\/?s={search_term_string}"},"query-input":{"@type":"PropertyValueSpecification","valueRequired":true,"valueName":"search_term_string"}}],"inLanguage":"it-IT"},{"@type":"Organization","@id":"https:\/\/modernoart.it\/it\/#organization","name":"MODERNO ARREDAMENTI","url":"https:\/\/modernoart.it\/it\/","logo":{"@type":"ImageObject","inLanguage":"it-IT","@id":"https:\/\/modernoart.it\/it\/#\/schema\/logo\/image\/","url":"https:\/\/modernoart.it\/wp-content\/uploads\/2024\/06\/modernologo.png","contentUrl":"https:\/\/modernoart.it\/wp-content\/uploads\/2024\/06\/modernologo.png","width":1297,"height":369,"caption":"MODERNO ARREDAMENTI"},"image":{"@id":"https:\/\/modernoart.it\/it\/#\/schema\/logo\/image\/"},"sameAs":["https:\/\/www.facebook.com\/modernoartit","https:\/\/www.instagram.com\/modernoartit\/"]}]}},"lang":"it","translations":{"it":20204,"en":19443},"_links":{"self":[{"href":"https:\/\/modernoart.it\/it\/wp-json\/wp\/v2\/product\/20204","targetHints":{"allow":["GET"]}}],"collection":[{"href":"https:\/\/modernoart.it\/it\/wp-json\/wp\/v2\/product"}],"about":[{"href":"https:\/\/modernoart.it\/it\/wp-json\/wp\/v2\/types\/product"}],"version-history":[{"count":11,"href":"https:\/\/modernoart.it\/it\/wp-json\/wp\/v2\/product\/20204\/revisions"}],"predecessor-version":[{"id":22807,"href":"https:\/\/modernoart.it\/it\/wp-json\/wp\/v2\/product\/20204\/revisions\/22807"}],"wp:featuredmedia":[{"embeddable":true,"href":"https:\/\/modernoart.it\/it\/wp-json\/wp\/v2\/media\/22786"}],"wp:attachment":[{"href":"https:\/\/modernoart.it\/it\/wp-json\/wp\/v2\/media?parent=20204"}],"wp:term":[{"taxonomy":"product_brand","embeddable":true,"href":"https:\/\/modernoart.it\/it\/wp-json\/wp\/v2\/product_brand?post=20204"},{"taxonomy":"product_cat","embeddable":true,"href":"https:\/\/modernoart.it\/it\/wp-json\/wp\/v2\/product_cat?post=20204"},{"taxonomy":"product_tag","embeddable":true,"href":"https:\/\/modernoart.it\/it\/wp-json\/wp\/v2\/product_tag?post=20204"}],"curies":[{"name":"wp","href":"https:\/\/api.w.org\/{rel}","templated":true}]}}