{"id":20268,"date":"2024-10-24T15:39:53","date_gmt":"2024-10-24T15:39:53","guid":{"rendered":"https:\/\/modernoart.it\/?post_type=product&#038;p=20268"},"modified":"2025-11-11T00:23:24","modified_gmt":"2025-11-11T00:23:24","slug":"sedie-chloe","status":"publish","type":"product","link":"https:\/\/modernoart.it\/it\/shop\/sedie-chloe\/","title":{"rendered":"Sedia CHLOE"},"content":{"rendered":"<div data-elementor-type=\"wp-post\" data-elementor-id=\"20268\" class=\"elementor elementor-20268\">\n\t\t\t\t<div class=\"wd-negative-gap elementor-element elementor-element-6c18d58 e-flex e-con-boxed e-con e-parent\" data-id=\"6c18d58\" data-element_type=\"container\">\n\t\t\t\t\t<div class=\"e-con-inner\">\n\t\t<div class=\"elementor-element elementor-element-d8c23f8 e-con-full e-flex e-con e-child\" data-id=\"d8c23f8\" data-element_type=\"container\">\n\t\t<div class=\"elementor-element elementor-element-bbadf02 e-con-full e-flex e-con e-child\" data-id=\"bbadf02\" data-element_type=\"container\">\n\t\t\t\t<div class=\"elementor-element elementor-element-474fb24 elementor-widget elementor-widget-wd_text_block\" data-id=\"474fb24\" data-element_type=\"widget\" data-widget_type=\"wd_text_block.default\">\n\t\t\t\t<div class=\"elementor-widget-container\">\n\t\t\t\t\t\t\t<div class=\"wd-text-block reset-last-child text-left\">\n\t\t\t\n\t\t\t<h4>Presentiamo CHLOE, una sedia minimalista ed elegante progettata per gli spazi dove ogni centimetro conta.<\/h4><p>Interamente rivestita in tessuto plush, con colori personalizzabili per adattarsi al tuo stile, CHLOE porta semplicit\u00e0 e raffinatezza nella tua zona pranzo.Lo schienale alto offre maggiore supporto e comfort, mentre il design senza braccioli garantisce versatilit\u00e0 e adattabilit\u00e0 a qualsiasi tavolo. Sorretta da robuste gambe in faggio e una struttura inferiore resistente, CHLOE \u00e8 la perfetta combinazione di funzionalit\u00e0 e bellezza senza tempo<\/p>\n\t\t\t\t\t<\/div>\n\t\t\t\t\t\t<\/div>\n\t\t\t\t<\/div>\n\t\t\t\t<div class=\"elementor-element elementor-element-d3e7ac5 elementor-widget elementor-widget-wd_image_or_svg\" data-id=\"d3e7ac5\" data-element_type=\"widget\" data-widget_type=\"wd_image_or_svg.default\">\n\t\t\t\t<div class=\"elementor-widget-container\">\n\t\t\t\t\t\n\t\t<div class=\"wd-image text-left\">\n\t\t\t\t\t\t\t\t<img fetchpriority=\"high\" decoding=\"async\" width=\"400\" height=\"286\" src=\"https:\/\/modernoart.it\/wp-content\/uploads\/2024\/10\/chair-chloe-size-400x286.png\" class=\"attachment-400x size-400x\" alt=\"\" srcset=\"https:\/\/modernoart.it\/wp-content\/uploads\/2024\/10\/chair-chloe-size-400x286.png 400w, https:\/\/modernoart.it\/wp-content\/uploads\/2024\/10\/chair-chloe-size-18x12.png 18w, https:\/\/modernoart.it\/wp-content\/uploads\/2024\/10\/chair-chloe-size-430x308.png 430w, https:\/\/modernoart.it\/wp-content\/uploads\/2024\/10\/chair-chloe-size-150x107.png 150w, https:\/\/modernoart.it\/wp-content\/uploads\/2024\/10\/chair-chloe-size.png 690w\" sizes=\"(max-width: 400px) 100vw, 400px\" \/>\t\t\t\t\t<\/div>\n\n\t\t\t\t\t\t<\/div>\n\t\t\t\t<\/div>\n\t\t\t\t<\/div>\n\t\t<div class=\"elementor-element elementor-element-ae5d607 e-con-full e-flex e-con e-child\" data-id=\"ae5d607\" data-element_type=\"container\">\n\t\t\t\t<div class=\"elementor-element elementor-element-9c7e8dc wd-width-100 elementor-widget elementor-widget-wd_images_gallery\" data-id=\"9c7e8dc\" data-element_type=\"widget\" data-widget_type=\"wd_images_gallery.default\">\n\t\t\t\t<div class=\"elementor-widget-container\">\n\t\t\t\t\t\t\t<div class=\"wd-images-gallery photoswipe-images\" style=\"--wd-align-items:center; --wd-justify-content:center;\">\n\t\t\t\t\t\t<div class=\"wd-grid-g\" style=\"--wd-col-lg:2;--wd-col-md:2;--wd-col-sm:1;--wd-gap-lg:10px;\" >\n\t\t\t\t\t\t\t\t\t\t\t\t\t\t\t\t\t\t<div class=\"wd-gallery-item wd-col\">\n\t\t\t\t\t\t\t\t\t\t\t\t\t<a  href=\"https:\/\/modernoart.it\/wp-content\/uploads\/2024\/10\/chloe-13.jpg\" data-width=\"1000\" data-height=\"667\" data-index=\"1\" data-elementor-open-lightbox=\"no\">\n\t\t\t\t\t\t\n\t\t\t\t\t\t<img decoding=\"async\" width=\"768\" height=\"512\" src=\"https:\/\/modernoart.it\/wp-content\/uploads\/2024\/10\/chloe-13-768x512.jpg\" class=\"attachment-medium_large size-medium_large\" alt=\"chloe-13\" srcset=\"https:\/\/modernoart.it\/wp-content\/uploads\/2024\/10\/chloe-13-768x512.jpg 768w, https:\/\/modernoart.it\/wp-content\/uploads\/2024\/10\/chloe-13-400x267.jpg 400w, https:\/\/modernoart.it\/wp-content\/uploads\/2024\/10\/chloe-13-18x12.jpg 18w, https:\/\/modernoart.it\/wp-content\/uploads\/2024\/10\/chloe-13-430x287.jpg 430w, https:\/\/modernoart.it\/wp-content\/uploads\/2024\/10\/chloe-13-700x467.jpg 700w, https:\/\/modernoart.it\/wp-content\/uploads\/2024\/10\/chloe-13-150x100.jpg 150w, https:\/\/modernoart.it\/wp-content\/uploads\/2024\/10\/chloe-13.jpg 1000w\" sizes=\"(max-width: 768px) 100vw, 768px\" \/>\n\t\t\t\t\t\t\t\t\t\t\t\t\t<\/a>\n\t\t\t\t\t\t\t\t\t\t\t<\/div>\n\t\t\t\t\t\t\t\t\t\t\t\t\t\t\t<div class=\"wd-gallery-item wd-col\">\n\t\t\t\t\t\t\t\t\t\t\t\t\t<a  href=\"https:\/\/modernoart.it\/wp-content\/uploads\/2024\/10\/chloe-14.jpg\" data-width=\"1000\" data-height=\"667\" data-index=\"2\" data-elementor-open-lightbox=\"no\">\n\t\t\t\t\t\t\n\t\t\t\t\t\t<img decoding=\"async\" width=\"768\" height=\"512\" src=\"https:\/\/modernoart.it\/wp-content\/uploads\/2024\/10\/chloe-14-768x512.jpg\" class=\"attachment-medium_large size-medium_large\" alt=\"chloe-14\" srcset=\"https:\/\/modernoart.it\/wp-content\/uploads\/2024\/10\/chloe-14-768x512.jpg 768w, https:\/\/modernoart.it\/wp-content\/uploads\/2024\/10\/chloe-14-400x267.jpg 400w, https:\/\/modernoart.it\/wp-content\/uploads\/2024\/10\/chloe-14-18x12.jpg 18w, https:\/\/modernoart.it\/wp-content\/uploads\/2024\/10\/chloe-14-430x287.jpg 430w, https:\/\/modernoart.it\/wp-content\/uploads\/2024\/10\/chloe-14-700x467.jpg 700w, https:\/\/modernoart.it\/wp-content\/uploads\/2024\/10\/chloe-14-150x100.jpg 150w, https:\/\/modernoart.it\/wp-content\/uploads\/2024\/10\/chloe-14.jpg 1000w\" sizes=\"(max-width: 768px) 100vw, 768px\" \/>\n\t\t\t\t\t\t\t\t\t\t\t\t\t<\/a>\n\t\t\t\t\t\t\t\t\t\t\t<\/div>\n\t\t\t\t\t\t\t\t\t\t\t\t\t\t\t<div class=\"wd-gallery-item wd-col\">\n\t\t\t\t\t\t\t\t\t\t\t\t\t<a  href=\"https:\/\/modernoart.it\/wp-content\/uploads\/2024\/10\/chloe-16.jpg\" data-width=\"1000\" data-height=\"667\" data-index=\"3\" data-elementor-open-lightbox=\"no\">\n\t\t\t\t\t\t\n\t\t\t\t\t\t<img loading=\"lazy\" decoding=\"async\" width=\"768\" height=\"512\" src=\"https:\/\/modernoart.it\/wp-content\/uploads\/2024\/10\/chloe-16-768x512.jpg\" class=\"attachment-medium_large size-medium_large\" alt=\"chloe-16\" srcset=\"https:\/\/modernoart.it\/wp-content\/uploads\/2024\/10\/chloe-16-768x512.jpg 768w, https:\/\/modernoart.it\/wp-content\/uploads\/2024\/10\/chloe-16-400x267.jpg 400w, https:\/\/modernoart.it\/wp-content\/uploads\/2024\/10\/chloe-16-18x12.jpg 18w, https:\/\/modernoart.it\/wp-content\/uploads\/2024\/10\/chloe-16-430x287.jpg 430w, https:\/\/modernoart.it\/wp-content\/uploads\/2024\/10\/chloe-16-700x467.jpg 700w, https:\/\/modernoart.it\/wp-content\/uploads\/2024\/10\/chloe-16-150x100.jpg 150w, https:\/\/modernoart.it\/wp-content\/uploads\/2024\/10\/chloe-16.jpg 1000w\" sizes=\"(max-width: 768px) 100vw, 768px\" \/>\n\t\t\t\t\t\t\t\t\t\t\t\t\t<\/a>\n\t\t\t\t\t\t\t\t\t\t\t<\/div>\n\t\t\t\t\t\t\t\t\t\t\t\t\t\t\t<div class=\"wd-gallery-item wd-col\">\n\t\t\t\t\t\t\t\t\t\t\t\t\t<a  href=\"https:\/\/modernoart.it\/wp-content\/uploads\/2024\/10\/chloe-18.jpg\" data-width=\"1000\" data-height=\"667\" data-index=\"4\" data-elementor-open-lightbox=\"no\">\n\t\t\t\t\t\t\n\t\t\t\t\t\t<img loading=\"lazy\" decoding=\"async\" width=\"768\" height=\"512\" src=\"https:\/\/modernoart.it\/wp-content\/uploads\/2024\/10\/chloe-18-768x512.jpg\" class=\"attachment-medium_large size-medium_large\" alt=\"chloe-18\" srcset=\"https:\/\/modernoart.it\/wp-content\/uploads\/2024\/10\/chloe-18-768x512.jpg 768w, https:\/\/modernoart.it\/wp-content\/uploads\/2024\/10\/chloe-18-400x267.jpg 400w, https:\/\/modernoart.it\/wp-content\/uploads\/2024\/10\/chloe-18-18x12.jpg 18w, https:\/\/modernoart.it\/wp-content\/uploads\/2024\/10\/chloe-18-430x287.jpg 430w, https:\/\/modernoart.it\/wp-content\/uploads\/2024\/10\/chloe-18-700x467.jpg 700w, https:\/\/modernoart.it\/wp-content\/uploads\/2024\/10\/chloe-18-150x100.jpg 150w, https:\/\/modernoart.it\/wp-content\/uploads\/2024\/10\/chloe-18.jpg 1000w\" sizes=\"(max-width: 768px) 100vw, 768px\" \/>\n\t\t\t\t\t\t\t\t\t\t\t\t\t<\/a>\n\t\t\t\t\t\t\t\t\t\t\t<\/div>\n\t\t\t\t\t\t\t\t\t\t\t\t\t<\/div>\n\t\t\t\t\t<\/div>\n\t\t\t\t\t\t<\/div>\n\t\t\t\t<\/div>\n\t\t\t\t<\/div>\n\t\t\t\t<\/div>\n\t\t\t\t\t<\/div>\n\t\t\t\t<\/div>\n\t\t<div class=\"wd-negative-gap elementor-element elementor-element-9b19d58 e-flex e-con-boxed e-con e-parent\" data-id=\"9b19d58\" data-element_type=\"container\">\n\t\t\t\t\t<div class=\"e-con-inner\">\n\t\t<div class=\"elementor-element elementor-element-cf26886 e-con-full e-flex e-con e-child\" data-id=\"cf26886\" data-element_type=\"container\">\n\t\t<div class=\"elementor-element elementor-element-23b4f11 e-con-full e-flex e-con e-child\" data-id=\"23b4f11\" data-element_type=\"container\">\n\t\t\t\t<div class=\"elementor-element elementor-element-27ed939 elementor-widget elementor-widget-spacer\" data-id=\"27ed939\" data-element_type=\"widget\" data-widget_type=\"spacer.default\">\n\t\t\t\t<div class=\"elementor-widget-container\">\n\t\t\t\t\t\t\t<div class=\"elementor-spacer\">\n\t\t\t<div class=\"elementor-spacer-inner\"><\/div>\n\t\t<\/div>\n\t\t\t\t\t\t<\/div>\n\t\t\t\t<\/div>\n\t\t\t\t<div class=\"elementor-element elementor-element-cb384b9 elementor-widget elementor-widget-wd_text_block\" data-id=\"cb384b9\" data-element_type=\"widget\" data-widget_type=\"wd_text_block.default\">\n\t\t\t\t<div class=\"elementor-widget-container\">\n\t\t\t\t\t\t\t<div class=\"wd-text-block reset-last-child text-left\">\n\t\t\t\n\t\t\t<h3>Colori disponibili:<\/h3><p>Per la personalizzazione dei prodotti concernente colorazioni e materiali, potete inviarci una mail all\u2019indirizzo: info@modernoart.it e verrete seguiti passo dopo passo dal nostro concierge dedicato.<\/p>\n\t\t\t\t\t<\/div>\n\t\t\t\t\t\t<\/div>\n\t\t\t\t<\/div>\n\t\t\t\t<div class=\"elementor-element elementor-element-b7d584b elementor-widget elementor-widget-wd_image_or_svg\" data-id=\"b7d584b\" data-element_type=\"widget\" data-widget_type=\"wd_image_or_svg.default\">\n\t\t\t\t<div class=\"elementor-widget-container\">\n\t\t\t\t\t\n\t\t<div class=\"wd-image text-left\">\n\t\t\t\t\t\t\t\t<img loading=\"lazy\" decoding=\"async\" width=\"1000\" height=\"246\" src=\"https:\/\/modernoart.it\/wp-content\/uploads\/2024\/10\/iex-legs-palette.png\" class=\"attachment-full size-full\" alt=\"\" srcset=\"https:\/\/modernoart.it\/wp-content\/uploads\/2024\/10\/iex-legs-palette.png 1000w, https:\/\/modernoart.it\/wp-content\/uploads\/2024\/10\/iex-legs-palette-400x98.png 400w, https:\/\/modernoart.it\/wp-content\/uploads\/2024\/10\/iex-legs-palette-768x189.png 768w, https:\/\/modernoart.it\/wp-content\/uploads\/2024\/10\/iex-legs-palette-18x4.png 18w, https:\/\/modernoart.it\/wp-content\/uploads\/2024\/10\/iex-legs-palette-430x106.png 430w, https:\/\/modernoart.it\/wp-content\/uploads\/2024\/10\/iex-legs-palette-700x172.png 700w, https:\/\/modernoart.it\/wp-content\/uploads\/2024\/10\/iex-legs-palette-150x37.png 150w\" sizes=\"(max-width: 1000px) 100vw, 1000px\" \/>\t\t\t\t\t<\/div>\n\n\t\t\t\t\t\t<\/div>\n\t\t\t\t<\/div>\n\t\t\t\t<div class=\"elementor-element elementor-element-c71e955 elementor-widget elementor-widget-wd_image_or_svg\" data-id=\"c71e955\" data-element_type=\"widget\" data-widget_type=\"wd_image_or_svg.default\">\n\t\t\t\t<div class=\"elementor-widget-container\">\n\t\t\t\t\t\n\t\t<div class=\"wd-image text-left\">\n\t\t\t\t\t\t\t\t<img loading=\"lazy\" decoding=\"async\" width=\"1000\" height=\"739\" src=\"https:\/\/modernoart.it\/wp-content\/uploads\/2024\/09\/iex-fabric-palette2.png\" class=\"attachment-full size-full\" alt=\"\" srcset=\"https:\/\/modernoart.it\/wp-content\/uploads\/2024\/09\/iex-fabric-palette2.png 1000w, https:\/\/modernoart.it\/wp-content\/uploads\/2024\/09\/iex-fabric-palette2-400x296.png 400w, https:\/\/modernoart.it\/wp-content\/uploads\/2024\/09\/iex-fabric-palette2-768x568.png 768w, https:\/\/modernoart.it\/wp-content\/uploads\/2024\/09\/iex-fabric-palette2-16x12.png 16w, https:\/\/modernoart.it\/wp-content\/uploads\/2024\/09\/iex-fabric-palette2-430x318.png 430w, https:\/\/modernoart.it\/wp-content\/uploads\/2024\/09\/iex-fabric-palette2-700x517.png 700w, https:\/\/modernoart.it\/wp-content\/uploads\/2024\/09\/iex-fabric-palette2-150x111.png 150w\" sizes=\"(max-width: 1000px) 100vw, 1000px\" \/>\t\t\t\t\t<\/div>\n\n\t\t\t\t\t\t<\/div>\n\t\t\t\t<\/div>\n\t\t\t\t<\/div>\n\t\t\t\t<\/div>\n\t\t\t\t\t<\/div>\n\t\t\t\t<\/div>\n\t\t\t\t<\/div>","protected":false},"excerpt":{"rendered":"<ul>\n<li>Schienale alto per maggiore supporto ed eleganza.<\/li>\n<li>Gambe in faggio con base resistente.<\/li>\n<li>Rivestimento in plush morbido e colori personalizzabili.<\/li>\n<li>Altezza schienale: 90cm<\/li>\n<li>Altezza seduta: 48cm<\/li>\n<li>Profondit\u00e0 seduta: 63cm<\/li>\n<li>Larghezza seduta: 51cm<\/li>\n<\/ul>","protected":false},"featured_media":22331,"template":"","meta":[],"product_brand":[],"product_cat":[150,246],"product_tag":[],"class_list":{"0":"post-20268","1":"product","2":"type-product","3":"status-publish","4":"has-post-thumbnail","6":"product_cat-sedie","7":"product_cat-shop","9":"first","10":"onbackorder","11":"shipping-taxable","12":"purchasable","13":"product-type-simple"},"yoast_head":"<!-- This site is optimized with the Yoast SEO plugin v25.3.1 - https:\/\/yoast.com\/wordpress\/plugins\/seo\/ -->\n<title>Sedia CHLOE - MODERNO<\/title>\n<meta name=\"robots\" content=\"index, follow, max-snippet:-1, max-image-preview:large, max-video-preview:-1\" \/>\n<link rel=\"canonical\" href=\"https:\/\/modernoart.it\/it\/shop\/sedie-chloe\/\" \/>\n<meta property=\"og:locale\" content=\"it_IT\" \/>\n<meta property=\"og:type\" content=\"article\" \/>\n<meta property=\"og:title\" content=\"Sedia CHLOE - MODERNO\" \/>\n<meta property=\"og:description\" content=\"Schienale alto per maggiore supporto ed eleganza.  Gambe in faggio con base resistente.  Rivestimento in plush morbido e colori personalizzabili.  Altezza schienale: 90cm  Altezza seduta: 48cm  Profondit\u00e0 seduta: 63cm  Larghezza seduta: 51cm\" \/>\n<meta property=\"og:url\" content=\"https:\/\/modernoart.it\/it\/shop\/sedie-chloe\/\" \/>\n<meta property=\"og:site_name\" content=\"MODERNO\" \/>\n<meta property=\"article:publisher\" content=\"https:\/\/www.facebook.com\/modernoartit\" \/>\n<meta property=\"article:modified_time\" content=\"2025-11-11T00:23:24+00:00\" \/>\n<meta property=\"og:image\" content=\"https:\/\/modernoart.it\/wp-content\/uploads\/2024\/10\/chloe-2.jpg\" \/>\n\t<meta property=\"og:image:width\" content=\"1000\" \/>\n\t<meta property=\"og:image:height\" content=\"1000\" \/>\n\t<meta property=\"og:image:type\" content=\"image\/jpeg\" \/>\n<meta name=\"twitter:card\" content=\"summary_large_image\" \/>\n<meta name=\"twitter:label1\" content=\"Tempo di lettura stimato\" \/>\n\t<meta name=\"twitter:data1\" content=\"3 minuti\" \/>\n<script type=\"application\/ld+json\" class=\"yoast-schema-graph\">{\"@context\":\"https:\/\/schema.org\",\"@graph\":[{\"@type\":\"WebPage\",\"@id\":\"https:\/\/modernoart.it\/it\/shop\/sedie-chloe\/\",\"url\":\"https:\/\/modernoart.it\/it\/shop\/sedie-chloe\/\",\"name\":\"Sedia CHLOE - MODERNO\",\"isPartOf\":{\"@id\":\"https:\/\/modernoart.it\/it\/#website\"},\"primaryImageOfPage\":{\"@id\":\"https:\/\/modernoart.it\/it\/shop\/sedie-chloe\/#primaryimage\"},\"image\":{\"@id\":\"https:\/\/modernoart.it\/it\/shop\/sedie-chloe\/#primaryimage\"},\"thumbnailUrl\":\"https:\/\/modernoart.it\/wp-content\/uploads\/2024\/10\/chloe-2.jpg\",\"datePublished\":\"2024-10-24T15:39:53+00:00\",\"dateModified\":\"2025-11-11T00:23:24+00:00\",\"breadcrumb\":{\"@id\":\"https:\/\/modernoart.it\/it\/shop\/sedie-chloe\/#breadcrumb\"},\"inLanguage\":\"it-IT\",\"potentialAction\":[{\"@type\":\"ReadAction\",\"target\":[\"https:\/\/modernoart.it\/it\/shop\/sedie-chloe\/\"]}]},{\"@type\":\"ImageObject\",\"inLanguage\":\"it-IT\",\"@id\":\"https:\/\/modernoart.it\/it\/shop\/sedie-chloe\/#primaryimage\",\"url\":\"https:\/\/modernoart.it\/wp-content\/uploads\/2024\/10\/chloe-2.jpg\",\"contentUrl\":\"https:\/\/modernoart.it\/wp-content\/uploads\/2024\/10\/chloe-2.jpg\",\"width\":1000,\"height\":1000},{\"@type\":\"BreadcrumbList\",\"@id\":\"https:\/\/modernoart.it\/it\/shop\/sedie-chloe\/#breadcrumb\",\"itemListElement\":[{\"@type\":\"ListItem\",\"position\":1,\"name\":\"Home\",\"item\":\"https:\/\/modernoart.it\/\"},{\"@type\":\"ListItem\",\"position\":2,\"name\":\"Shop\",\"item\":\"https:\/\/modernoart.it\/it\/shop\/\"},{\"@type\":\"ListItem\",\"position\":3,\"name\":\"Sedia CHLOE\"}]},{\"@type\":\"WebSite\",\"@id\":\"https:\/\/modernoart.it\/it\/#website\",\"url\":\"https:\/\/modernoart.it\/it\/\",\"name\":\"https:\/\/modernoart.it\",\"description\":\"MODERNO ARREDAMENTI\",\"publisher\":{\"@id\":\"https:\/\/modernoart.it\/it\/#organization\"},\"alternateName\":\"MODERNOART.IT\",\"potentialAction\":[{\"@type\":\"SearchAction\",\"target\":{\"@type\":\"EntryPoint\",\"urlTemplate\":\"https:\/\/modernoart.it\/it\/?s={search_term_string}\"},\"query-input\":{\"@type\":\"PropertyValueSpecification\",\"valueRequired\":true,\"valueName\":\"search_term_string\"}}],\"inLanguage\":\"it-IT\"},{\"@type\":\"Organization\",\"@id\":\"https:\/\/modernoart.it\/it\/#organization\",\"name\":\"MODERNO ARREDAMENTI\",\"url\":\"https:\/\/modernoart.it\/it\/\",\"logo\":{\"@type\":\"ImageObject\",\"inLanguage\":\"it-IT\",\"@id\":\"https:\/\/modernoart.it\/it\/#\/schema\/logo\/image\/\",\"url\":\"https:\/\/modernoart.it\/wp-content\/uploads\/2024\/06\/modernologo.png\",\"contentUrl\":\"https:\/\/modernoart.it\/wp-content\/uploads\/2024\/06\/modernologo.png\",\"width\":1297,\"height\":369,\"caption\":\"MODERNO ARREDAMENTI\"},\"image\":{\"@id\":\"https:\/\/modernoart.it\/it\/#\/schema\/logo\/image\/\"},\"sameAs\":[\"https:\/\/www.facebook.com\/modernoartit\",\"https:\/\/www.instagram.com\/modernoartit\/\"]}]}<\/script>\n<!-- \/ Yoast SEO plugin. -->","yoast_head_json":{"title":"Sedia CHLOE - MODERNO","robots":{"index":"index","follow":"follow","max-snippet":"max-snippet:-1","max-image-preview":"max-image-preview:large","max-video-preview":"max-video-preview:-1"},"canonical":"https:\/\/modernoart.it\/it\/shop\/sedie-chloe\/","og_locale":"it_IT","og_type":"article","og_title":"Sedia CHLOE - MODERNO","og_description":"Schienale alto per maggiore supporto ed eleganza.  Gambe in faggio con base resistente.  Rivestimento in plush morbido e colori personalizzabili.  Altezza schienale: 90cm  Altezza seduta: 48cm  Profondit\u00e0 seduta: 63cm  Larghezza seduta: 51cm","og_url":"https:\/\/modernoart.it\/it\/shop\/sedie-chloe\/","og_site_name":"MODERNO","article_publisher":"https:\/\/www.facebook.com\/modernoartit","article_modified_time":"2025-11-11T00:23:24+00:00","og_image":[{"width":1000,"height":1000,"url":"https:\/\/modernoart.it\/wp-content\/uploads\/2024\/10\/chloe-2.jpg","type":"image\/jpeg"}],"twitter_card":"summary_large_image","twitter_misc":{"Tempo di lettura stimato":"3 minuti"},"schema":{"@context":"https:\/\/schema.org","@graph":[{"@type":"WebPage","@id":"https:\/\/modernoart.it\/it\/shop\/sedie-chloe\/","url":"https:\/\/modernoart.it\/it\/shop\/sedie-chloe\/","name":"Sedia CHLOE - MODERNO","isPartOf":{"@id":"https:\/\/modernoart.it\/it\/#website"},"primaryImageOfPage":{"@id":"https:\/\/modernoart.it\/it\/shop\/sedie-chloe\/#primaryimage"},"image":{"@id":"https:\/\/modernoart.it\/it\/shop\/sedie-chloe\/#primaryimage"},"thumbnailUrl":"https:\/\/modernoart.it\/wp-content\/uploads\/2024\/10\/chloe-2.jpg","datePublished":"2024-10-24T15:39:53+00:00","dateModified":"2025-11-11T00:23:24+00:00","breadcrumb":{"@id":"https:\/\/modernoart.it\/it\/shop\/sedie-chloe\/#breadcrumb"},"inLanguage":"it-IT","potentialAction":[{"@type":"ReadAction","target":["https:\/\/modernoart.it\/it\/shop\/sedie-chloe\/"]}]},{"@type":"ImageObject","inLanguage":"it-IT","@id":"https:\/\/modernoart.it\/it\/shop\/sedie-chloe\/#primaryimage","url":"https:\/\/modernoart.it\/wp-content\/uploads\/2024\/10\/chloe-2.jpg","contentUrl":"https:\/\/modernoart.it\/wp-content\/uploads\/2024\/10\/chloe-2.jpg","width":1000,"height":1000},{"@type":"BreadcrumbList","@id":"https:\/\/modernoart.it\/it\/shop\/sedie-chloe\/#breadcrumb","itemListElement":[{"@type":"ListItem","position":1,"name":"Home","item":"https:\/\/modernoart.it\/"},{"@type":"ListItem","position":2,"name":"Shop","item":"https:\/\/modernoart.it\/it\/shop\/"},{"@type":"ListItem","position":3,"name":"Sedia CHLOE"}]},{"@type":"WebSite","@id":"https:\/\/modernoart.it\/it\/#website","url":"https:\/\/modernoart.it\/it\/","name":"https:\/\/modernoart.it","description":"MODERNO ARREDAMENTI","publisher":{"@id":"https:\/\/modernoart.it\/it\/#organization"},"alternateName":"MODERNOART.IT","potentialAction":[{"@type":"SearchAction","target":{"@type":"EntryPoint","urlTemplate":"https:\/\/modernoart.it\/it\/?s={search_term_string}"},"query-input":{"@type":"PropertyValueSpecification","valueRequired":true,"valueName":"search_term_string"}}],"inLanguage":"it-IT"},{"@type":"Organization","@id":"https:\/\/modernoart.it\/it\/#organization","name":"MODERNO ARREDAMENTI","url":"https:\/\/modernoart.it\/it\/","logo":{"@type":"ImageObject","inLanguage":"it-IT","@id":"https:\/\/modernoart.it\/it\/#\/schema\/logo\/image\/","url":"https:\/\/modernoart.it\/wp-content\/uploads\/2024\/06\/modernologo.png","contentUrl":"https:\/\/modernoart.it\/wp-content\/uploads\/2024\/06\/modernologo.png","width":1297,"height":369,"caption":"MODERNO ARREDAMENTI"},"image":{"@id":"https:\/\/modernoart.it\/it\/#\/schema\/logo\/image\/"},"sameAs":["https:\/\/www.facebook.com\/modernoartit","https:\/\/www.instagram.com\/modernoartit\/"]}]}},"lang":"it","translations":{"it":20268,"en":18081},"_links":{"self":[{"href":"https:\/\/modernoart.it\/it\/wp-json\/wp\/v2\/product\/20268","targetHints":{"allow":["GET"]}}],"collection":[{"href":"https:\/\/modernoart.it\/it\/wp-json\/wp\/v2\/product"}],"about":[{"href":"https:\/\/modernoart.it\/it\/wp-json\/wp\/v2\/types\/product"}],"version-history":[{"count":11,"href":"https:\/\/modernoart.it\/it\/wp-json\/wp\/v2\/product\/20268\/revisions"}],"predecessor-version":[{"id":22738,"href":"https:\/\/modernoart.it\/it\/wp-json\/wp\/v2\/product\/20268\/revisions\/22738"}],"wp:featuredmedia":[{"embeddable":true,"href":"https:\/\/modernoart.it\/it\/wp-json\/wp\/v2\/media\/22331"}],"wp:attachment":[{"href":"https:\/\/modernoart.it\/it\/wp-json\/wp\/v2\/media?parent=20268"}],"wp:term":[{"taxonomy":"product_brand","embeddable":true,"href":"https:\/\/modernoart.it\/it\/wp-json\/wp\/v2\/product_brand?post=20268"},{"taxonomy":"product_cat","embeddable":true,"href":"https:\/\/modernoart.it\/it\/wp-json\/wp\/v2\/product_cat?post=20268"},{"taxonomy":"product_tag","embeddable":true,"href":"https:\/\/modernoart.it\/it\/wp-json\/wp\/v2\/product_tag?post=20268"}],"curies":[{"name":"wp","href":"https:\/\/api.w.org\/{rel}","templated":true}]}}